{"id":19086,"date":"2022-09-06T08:08:57","date_gmt":"2022-09-06T08:08:57","guid":{"rendered":"https:\/\/www.sesta.it\/entreprise\/qualite-et-securite\/decret-loi-81-08\/"},"modified":"2022-09-06T08:09:17","modified_gmt":"2022-09-06T08:09:17","slug":"decret-loi-81-08","status":"publish","type":"page","link":"https:\/\/www.sesta.it\/fr\/entreprise\/qualite-et-securite\/decret-loi-81-08\/","title":{"rendered":"Decret-loi 81\/08"},"content":{"rendered":"\t\t<div data-elementor-type=\"wp-page\" data-elementor-id=\"19086\" class=\"elementor elementor-19086 elementor-7314\" data-elementor-post-type=\"page\">\n\t\t\t\t\t\t<section data-dce-background-overlay-color=\"#FFFFFF00\" class=\"elementor-section elementor-top-section elementor-element elementor-element-599b9d5 elementor-section-items-stretch elementor-section-height-min-height elementor-section-boxed elementor-section-height-default\" data-id=\"599b9d5\" data-element_type=\"section\" data-e-type=\"section\" data-settings=\"{&quot;background_background&quot;:&quot;classic&quot;}\">\n\t\t\t\t\t\t\t<div class=\"elementor-background-overlay\"><\/div>\n\t\t\t\t\t\t\t<div class=\"elementor-container elementor-column-gap-no\">\n\t\t\t\t\t<div data-dce-background-overlay-color=\"#02010100\" data-dce-background-image-url=\"https:\/\/www.sesta.it\/wp-content\/uploads\/2022\/07\/testata_azienda_1600x510-e1658138511687.jpg\" class=\"elementor-column elementor-col-100 elementor-top-column elementor-element elementor-element-9b74847\" data-id=\"9b74847\" data-element_type=\"column\" data-e-type=\"column\" data-settings=\"{&quot;background_background&quot;:&quot;classic&quot;}\">\n\t\t\t<div class=\"elementor-widget-wrap elementor-element-populated\">\n\t\t\t\t\t<div class=\"elementor-background-overlay\"><\/div>\n\t\t\t\t\t\t<div class=\"elementor-element elementor-element-fc2a1c7 ob-harakiri-inherit elementor-widget elementor-widget-heading\" data-id=\"fc2a1c7\" data-element_type=\"widget\" data-e-type=\"widget\" data-settings=\"{&quot;_ob_use_harakiri&quot;:&quot;yes&quot;,&quot;_ob_harakiri_writing_mode&quot;:&quot;inherit&quot;,&quot;_ob_harakiri_text_clip&quot;:&quot;none&quot;,&quot;_ob_widget_stalker_use&quot;:&quot;no&quot;,&quot;_ob_shadough_use&quot;:&quot;no&quot;}\" data-widget_type=\"heading.default\">\n\t\t\t\t<div class=\"elementor-widget-container\">\n\t\t\t\t\t<div class=\"elementor-heading-title elementor-size-default\">SESTA: VOTRE PARTENAIRE POUR<br>LES CHAISES DE BUREAU ET DE COMMUNAUT\u00c9<\/div>\t\t\t\t<\/div>\n\t\t\t\t<\/div>\n\t\t\t\t\t<\/div>\n\t\t<\/div>\n\t\t\t\t\t<\/div>\n\t\t<\/section>\n\t\t\t\t<section class=\"elementor-section elementor-top-section elementor-element elementor-element-46ef1ad elementor-section-boxed elementor-section-height-default elementor-section-height-default\" data-id=\"46ef1ad\" data-element_type=\"section\" data-e-type=\"section\" data-settings=\"{&quot;background_background&quot;:&quot;classic&quot;}\">\n\t\t\t\t\t\t<div class=\"elementor-container elementor-column-gap-default\">\n\t\t\t\t\t<div class=\"elementor-column elementor-col-100 elementor-top-column elementor-element elementor-element-60e67f4\" data-id=\"60e67f4\" data-element_type=\"column\" data-e-type=\"column\" data-settings=\"{&quot;background_background&quot;:&quot;classic&quot;}\">\n\t\t\t<div class=\"elementor-widget-wrap elementor-element-populated\">\n\t\t\t\t\t\t<div class=\"elementor-element elementor-element-08c8265 elementor-widget elementor-widget-template\" data-id=\"08c8265\" data-element_type=\"widget\" data-e-type=\"widget\" data-settings=\"{&quot;_ob_widget_stalker_use&quot;:&quot;no&quot;,&quot;_ob_shadough_use&quot;:&quot;no&quot;}\" data-widget_type=\"template.default\">\n\t\t\t\t<div class=\"elementor-widget-container\">\n\t\t\t\t\t\t\t<div class=\"elementor-template\">\n\t\t\t\t\t<div data-elementor-type=\"section\" data-elementor-id=\"19256\" class=\"elementor elementor-19256 elementor-15345 elementor-15345\" data-elementor-post-type=\"elementor_library\">\n\t\t\t\t\t<section class=\"elementor-section elementor-top-section elementor-element elementor-element-74a96a8 elementor-section-boxed elementor-section-height-default elementor-section-height-default\" data-id=\"74a96a8\" data-element_type=\"section\" data-e-type=\"section\" data-settings=\"{&quot;background_background&quot;:&quot;classic&quot;,&quot;sticky&quot;:&quot;top&quot;,&quot;sticky_on&quot;:[&quot;desktop&quot;],&quot;sticky_offset&quot;:115,&quot;sticky_effects_offset&quot;:0,&quot;sticky_anchor_link_offset&quot;:0}\">\n\t\t\t\t\t\t<div class=\"elementor-container elementor-column-gap-no\">\n\t\t\t\t\t<div data-dce-background-color=\"#FFFFFF\" class=\"elementor-column elementor-col-100 elementor-top-column elementor-element elementor-element-faaf5c2\" data-id=\"faaf5c2\" data-element_type=\"column\" data-e-type=\"column\" data-settings=\"{&quot;background_background&quot;:&quot;classic&quot;}\">\n\t\t\t<div class=\"elementor-widget-wrap elementor-element-populated\">\n\t\t\t\t\t\t<div data-dce-advanced-background-color=\"#A5A5A5\" class=\"elementor-element elementor-element-f85198e elementor-nav-menu__align-justify elementor-nav-menu--dropdown-tablet elementor-nav-menu__text-align-aside elementor-nav-menu--toggle elementor-nav-menu--burger elementor-widget elementor-widget-nav-menu\" data-id=\"f85198e\" data-element_type=\"widget\" data-e-type=\"widget\" data-settings=\"{&quot;layout&quot;:&quot;horizontal&quot;,&quot;submenu_icon&quot;:{&quot;value&quot;:&quot;&lt;svg aria-hidden=\\&quot;true\\&quot; class=\\&quot;e-font-icon-svg e-fas-caret-down\\&quot; viewBox=\\&quot;0 0 320 512\\&quot; xmlns=\\&quot;http:\\\/\\\/www.w3.org\\\/2000\\\/svg\\&quot;&gt;&lt;path d=\\&quot;M31.3 192h257.3c17.8 0 26.7 21.5 14.1 34.1L174.1 354.8c-7.8 7.8-20.5 7.8-28.3 0L17.2 226.1C4.6 213.5 13.5 192 31.3 192z\\&quot;&gt;&lt;\\\/path&gt;&lt;\\\/svg&gt;&quot;,&quot;library&quot;:&quot;fa-solid&quot;},&quot;toggle&quot;:&quot;burger&quot;,&quot;_ob_widget_stalker_use&quot;:&quot;no&quot;,&quot;_ob_shadough_use&quot;:&quot;no&quot;}\" data-widget_type=\"nav-menu.default\">\n\t\t\t\t<div class=\"elementor-widget-container\">\n\t\t\t\t\t\t\t\t<nav aria-label=\"Menu\" class=\"elementor-nav-menu--main elementor-nav-menu__container elementor-nav-menu--layout-horizontal e--pointer-background e--animation-fade\">\n\t\t\t\t<ul id=\"menu-1-f85198e\" class=\"elementor-nav-menu\"><li class=\"menu-item menu-item-type-post_type menu-item-object-page menu-item-19183\"><a href=\"https:\/\/www.sesta.it\/fr\/entreprise\/\" class=\"elementor-item\">Entreprise<\/a><\/li>\n<li class=\"menu-item menu-item-type-post_type menu-item-object-page menu-item-39102\"><a href=\"https:\/\/www.sesta.it\/fr\/entreprise\/politique-environnementale\/\" class=\"elementor-item\">Politique environnementale<\/a><\/li>\n<li class=\"menu-item menu-item-type-post_type menu-item-object-page menu-item-19185\"><a href=\"https:\/\/www.sesta.it\/fr\/entreprise\/qualite-et-securite\/\" class=\"elementor-item\">Qualit\u00e9 et s\u00e9curit\u00e9<\/a><\/li>\n<li class=\"menu-item menu-item-type-post_type menu-item-object-page menu-item-19186\"><a href=\"https:\/\/www.sesta.it\/fr\/entreprise\/qualite-et-securite\/normes-de-reference\/\" class=\"elementor-item\">Normes de r\u00e9f\u00e9rence<\/a><\/li>\n<li class=\"menu-item menu-item-type-post_type menu-item-object-page menu-item-19187\"><a href=\"https:\/\/www.sesta.it\/fr\/entreprise\/qualite-et-securite\/decret-loi-81-08\/\" class=\"elementor-item\">Decret-loi 81\/08<\/a><\/li>\n<li class=\"menu-item menu-item-type-post_type menu-item-object-page menu-item-19188\"><a href=\"https:\/\/www.sesta.it\/fr\/entreprise\/qualite-et-securite\/reaction-au-feu\/\" class=\"elementor-item\">R\u00e9action au feu<\/a><\/li>\n<\/ul>\t\t\t<\/nav>\n\t\t\t\t\t<div class=\"elementor-menu-toggle\" role=\"button\" tabindex=\"0\" aria-label=\"Permuter le menu\" aria-expanded=\"false\">\n\t\t\t<svg aria-hidden=\"true\" role=\"presentation\" class=\"elementor-menu-toggle__icon--open e-font-icon-svg e-eicon-menu-bar\" viewBox=\"0 0 1000 1000\" xmlns=\"http:\/\/www.w3.org\/2000\/svg\"><path d=\"M104 333H896C929 333 958 304 958 271S929 208 896 208H104C71 208 42 237 42 271S71 333 104 333ZM104 583H896C929 583 958 554 958 521S929 458 896 458H104C71 458 42 487 42 521S71 583 104 583ZM104 833H896C929 833 958 804 958 771S929 708 896 708H104C71 708 42 737 42 771S71 833 104 833Z\"><\/path><\/svg><svg aria-hidden=\"true\" role=\"presentation\" class=\"elementor-menu-toggle__icon--close e-font-icon-svg e-eicon-close\" viewBox=\"0 0 1000 1000\" xmlns=\"http:\/\/www.w3.org\/2000\/svg\"><path d=\"M742 167L500 408 258 167C246 154 233 150 217 150 196 150 179 158 167 167 154 179 150 196 150 212 150 229 154 242 171 254L408 500 167 742C138 771 138 800 167 829 196 858 225 858 254 829L496 587 738 829C750 842 767 846 783 846 800 846 817 842 829 829 842 817 846 804 846 783 846 767 842 750 829 737L588 500 833 258C863 229 863 200 833 171 804 137 775 137 742 167Z\"><\/path><\/svg>\t\t<\/div>\n\t\t\t\t\t<nav class=\"elementor-nav-menu--dropdown elementor-nav-menu__container\" aria-hidden=\"true\">\n\t\t\t\t<ul id=\"menu-2-f85198e\" class=\"elementor-nav-menu\"><li class=\"menu-item menu-item-type-post_type menu-item-object-page menu-item-19183\"><a href=\"https:\/\/www.sesta.it\/fr\/entreprise\/\" class=\"elementor-item\" tabindex=\"-1\">Entreprise<\/a><\/li>\n<li class=\"menu-item menu-item-type-post_type menu-item-object-page menu-item-39102\"><a href=\"https:\/\/www.sesta.it\/fr\/entreprise\/politique-environnementale\/\" class=\"elementor-item\" tabindex=\"-1\">Politique environnementale<\/a><\/li>\n<li class=\"menu-item menu-item-type-post_type menu-item-object-page menu-item-19185\"><a href=\"https:\/\/www.sesta.it\/fr\/entreprise\/qualite-et-securite\/\" class=\"elementor-item\" tabindex=\"-1\">Qualit\u00e9 et s\u00e9curit\u00e9<\/a><\/li>\n<li class=\"menu-item menu-item-type-post_type menu-item-object-page menu-item-19186\"><a href=\"https:\/\/www.sesta.it\/fr\/entreprise\/qualite-et-securite\/normes-de-reference\/\" class=\"elementor-item\" tabindex=\"-1\">Normes de r\u00e9f\u00e9rence<\/a><\/li>\n<li class=\"menu-item menu-item-type-post_type menu-item-object-page menu-item-19187\"><a href=\"https:\/\/www.sesta.it\/fr\/entreprise\/qualite-et-securite\/decret-loi-81-08\/\" class=\"elementor-item\" tabindex=\"-1\">Decret-loi 81\/08<\/a><\/li>\n<li class=\"menu-item menu-item-type-post_type menu-item-object-page menu-item-19188\"><a href=\"https:\/\/www.sesta.it\/fr\/entreprise\/qualite-et-securite\/reaction-au-feu\/\" class=\"elementor-item\" tabindex=\"-1\">R\u00e9action au feu<\/a><\/li>\n<\/ul>\t\t\t<\/nav>\n\t\t\t\t\t\t<\/div>\n\t\t\t\t<\/div>\n\t\t\t\t\t<\/div>\n\t\t<\/div>\n\t\t\t\t\t<\/div>\n\t\t<\/section>\n\t\t\t\t<\/div>\n\t\t\t\t<\/div>\n\t\t\t\t\t\t<\/div>\n\t\t\t\t<\/div>\n\t\t\t\t\t<\/div>\n\t\t<\/div>\n\t\t\t\t\t<\/div>\n\t\t<\/section>\n\t\t\t\t<section class=\"elementor-section elementor-top-section elementor-element elementor-element-c309fc8 elementor-section-boxed elementor-section-height-default elementor-section-height-default\" data-id=\"c309fc8\" data-element_type=\"section\" data-e-type=\"section\" data-settings=\"{&quot;background_background&quot;:&quot;classic&quot;}\">\n\t\t\t\t\t\t<div class=\"elementor-container elementor-column-gap-default\">\n\t\t\t\t\t<div class=\"elementor-column elementor-col-100 elementor-top-column elementor-element elementor-element-867b99e\" data-id=\"867b99e\" data-element_type=\"column\" data-e-type=\"column\" data-settings=\"{&quot;background_background&quot;:&quot;classic&quot;}\">\n\t\t\t<div class=\"elementor-widget-wrap elementor-element-populated\">\n\t\t\t\t\t\t<div class=\"elementor-element elementor-element-69dd954 ob-harakiri-inherit elementor-widget elementor-widget-heading\" data-id=\"69dd954\" data-element_type=\"widget\" data-e-type=\"widget\" data-settings=\"{&quot;_ob_use_harakiri&quot;:&quot;yes&quot;,&quot;_ob_harakiri_writing_mode&quot;:&quot;inherit&quot;,&quot;_ob_harakiri_text_clip&quot;:&quot;none&quot;,&quot;_ob_widget_stalker_use&quot;:&quot;no&quot;,&quot;_ob_shadough_use&quot;:&quot;no&quot;}\" data-widget_type=\"heading.default\">\n\t\t\t\t<div class=\"elementor-widget-container\">\n\t\t\t\t\t<h2 class=\"elementor-heading-title elementor-size-default\">\"Application de l'article 1 de la loi du 3 ao\u00fbt 2007, n\u00b0 123, en mati\u00e8re de protection de la sant\u00e9 et de la s\u00e9curit\u00e9 sur les lieux de travail\u201d<\/h2>\t\t\t\t<\/div>\n\t\t\t\t<\/div>\n\t\t\t\t<div class=\"elementor-element elementor-element-f0284df elementor-widget-divider--view-line elementor-widget elementor-widget-global elementor-global-19344 elementor-global-1992 elementor-widget-divider\" data-id=\"f0284df\" data-element_type=\"widget\" data-e-type=\"widget\" data-settings=\"{&quot;_ob_widget_stalker_use&quot;:&quot;no&quot;,&quot;_ob_shadough_use&quot;:&quot;no&quot;}\" data-widget_type=\"divider.default\">\n\t\t\t\t<div class=\"elementor-widget-container\">\n\t\t\t\t\t\t\t<div class=\"elementor-divider\">\n\t\t\t<span class=\"elementor-divider-separator\">\n\t\t\t\t\t\t<\/span>\n\t\t<\/div>\n\t\t\t\t\t\t<\/div>\n\t\t\t\t<\/div>\n\t\t\t\t<div class=\"elementor-element elementor-element-118399e ob-harakiri-inherit elementor-widget elementor-widget-heading\" data-id=\"118399e\" data-element_type=\"widget\" data-e-type=\"widget\" data-settings=\"{&quot;_ob_use_harakiri&quot;:&quot;yes&quot;,&quot;_ob_harakiri_writing_mode&quot;:&quot;inherit&quot;,&quot;_ob_harakiri_text_clip&quot;:&quot;none&quot;,&quot;_ob_widget_stalker_use&quot;:&quot;no&quot;,&quot;_ob_shadough_use&quot;:&quot;no&quot;}\" data-widget_type=\"heading.default\">\n\t\t\t\t<div class=\"elementor-widget-container\">\n\t\t\t\t\t<p class=\"elementor-heading-title elementor-size-default\">30 avril 2008 \u2013 Journal Officiel n\u00b0 101 \u2013 Publication du texte d\u00e9finitif du d\u00e9cret-loi 09\/04\/2008 n\u00b0 81 (d\u00e9cret-loi 81-08).<\/p>\t\t\t\t<\/div>\n\t\t\t\t<\/div>\n\t\t\t\t<div class=\"elementor-element elementor-element-66b097f ob-harakiri-inherit elementor-widget elementor-widget-text-editor\" data-id=\"66b097f\" data-element_type=\"widget\" data-e-type=\"widget\" data-settings=\"{&quot;_ob_use_harakiri&quot;:&quot;yes&quot;,&quot;_ob_harakiri_writing_mode&quot;:&quot;inherit&quot;,&quot;_ob_postman_use&quot;:&quot;no&quot;,&quot;_ob_widget_stalker_use&quot;:&quot;no&quot;,&quot;_ob_shadough_use&quot;:&quot;no&quot;}\" data-widget_type=\"text-editor.default\">\n\t\t\t\t<div class=\"elementor-widget-container\">\n\t\t\t\t\t\t\t\t\t<p>Ce d\u00e9cret se base sur les dispositions dict\u00e9es par le d\u00e9cret-loi 626\/94, d\u00e9sormais abrog\u00e9, et a pour objectif la r\u00e9organisation et la r\u00e9forme des directives en vigueur en mati\u00e8re de sant\u00e9 et de s\u00e9curit\u00e9 des travailleurs sur les lieux de travail, \u00e0 travers le r\u00e9am\u00e9nagement et la coordination de celles-ci en un unique texte r\u00e9glementaire.<\/p><p><span style=\"background-color: var( --e-global-color-763f24e ); font-family: var( --e-global-typography-text-font-family ), Sans-serif; font-size: var( --e-global-typography-text-font-size ); font-weight: var( --e-global-typography-text-font-weight );\">Nous y trouvons les directives qui s\u2019appliquent aux activit\u00e9s comportant l\u2019emploi sur les lieux de travail d\u2019\u00e9quipements munis de terminal vid\u00e9o.<\/span><\/p><p>Pour mieux d\u00e9finir le domaine d\u2019application du d\u00e9cret (art. 173), on a red\u00e9fini les \u201cfigures\u201d pr\u00e9sentes \u00e0 l\u2019int\u00e9rieur d\u2019une zone de travail munie d\u2019un terminal vid\u00e9o.<\/p><p>A &#8211; terminal vid\u00e9o: un \u00e9cran alphanum\u00e9rique ou graphique, ind\u00e9pendamment du type d\u2019affichage utilis\u00e9;<\/p><p>B &#8211; poste de travail: c\u2019est l\u2019ensemble qui comprend les \u00e9quipements munis de terminal vid\u00e9o, avec clavier ou tout autre syst\u00e8me d\u2019entr\u00e9e des donn\u00e9es, y compris la souris, le logiciel pour l\u2019interface homme- machine, les accessoires en option, les appareils connect\u00e9s, comprenant les unit\u00e9s de disques, le t\u00e9l\u00e9phone, le modem, l\u2019imprimante, le support pour les documents, le si\u00e8ge, le plan de travail, ainsi que les zones de travail proches.<\/p><p>C &#8211; travailleur: c\u2019est l\u2019employ\u00e9 qui utilise un \u00e9quipement muni de terminal vid\u00e9o, de fa\u00e7on syst\u00e9matique ou habituelle, vingt heures par semaine, interruptions d\u00e9duites.<\/p><p>Un autre chapitre fondamental peut \u00eatre trouv\u00e9 dans le paragraphe successif (art. 174) \u201cobligations de l\u2019employeur \u00bb:<br \/>\u201cL\u2019employeur organise et pr\u00e9dispose les postes de travail selon l\u2019article 173, conform\u00e9ment aux conditions minimum requises par l\u2019annexe XXXIV\u201d.<\/p><p>En r\u00e9sumant les deux articles, il nous faut conclure qu\u2019en ce qui concerne l\u2019am\u00e9nagement d\u2019un poste de travail avec terminal vid\u00e9o, la chaise et le bureau sont partie int\u00e9grante de l\u2019\u00e9quipement de travail et, en tant que tels, afin de r\u00e9duire au minimum les sources de risque, ils doivent satisfaire aux conditions minimum requises de l\u2019annexe XXXIV, que l\u2019on trouve aux chapitres D \u2013 Plans de travail et E \u2013 Si\u00e8ges de travail.<\/p><p>D \u2013 Le plan de travail doit avoir une surface \u00e0 faible indice de r\u00e9flexion, \u00eatre stable, de dimensions suffisantes pour permettre une disposition flexible de l\u2019\u00e9cran\u2026<\/p><p>E &#8211; Le si\u00e8ge de travail doit \u00eatre stable et assurer la libert\u00e9 de mouvements \u00e0 son utilisateur ainsi qu\u2019une installation confortable. Le si\u00e8ge doit avoir comme hauteur \u2026<\/p><p>Les conditions minimum de s\u00e9curit\u00e9 requises par le nouveau d\u00e9cret pour les si\u00e8ges et les bureaux n\u2019ont en somme pas subi de grandes variations par rapport \u00e0 celles qui \u00e9taient requises par le d\u00e9cret-loi 626 de 94.<\/p><p>En fait, pour d\u00e9livrer les certificats de conformit\u00e9 au nouveau d\u00e9cret-loi, rien n\u2019a chang\u00e9, car les directives auxquelles on se r\u00e9f\u00e8re pour les conditions minimum requises par l\u2019annexe XXXIV sont encore les m\u00eames, celles qui sont actuellement en vigueur.<\/p>\t\t\t\t\t\t\t\t<\/div>\n\t\t\t\t<\/div>\n\t\t\t\t<div class=\"elementor-element elementor-element-bd0f550 elementor-align-left elementor-widget elementor-widget-button\" data-id=\"bd0f550\" data-element_type=\"widget\" data-e-type=\"widget\" data-settings=\"{&quot;_ob_widget_stalker_use&quot;:&quot;no&quot;,&quot;_ob_shadough_use&quot;:&quot;no&quot;}\" data-widget_type=\"button.default\">\n\t\t\t\t<div class=\"elementor-widget-container\">\n\t\t\t\t\t\t\t\t\t<div class=\"elementor-button-wrapper\">\n\t\t\t\t\t<a class=\"elementor-button elementor-button-link elementor-size-sm\" href=\"https:\/\/www.sesta.it\/fr\/entreprise\/qualite-et-securite\/\">\n\t\t\t\t\t\t<span class=\"elementor-button-content-wrapper\">\n\t\t\t\t\t\t\t\t\t<span class=\"elementor-button-text\">Retour \u00e0 la Qualit\u00e9 et \u00e0 la S\u00e9curit\u00e9<\/span>\n\t\t\t\t\t<\/span>\n\t\t\t\t\t<\/a>\n\t\t\t\t<\/div>\n\t\t\t\t\t\t\t\t<\/div>\n\t\t\t\t<\/div>\n\t\t\t\t\t<\/div>\n\t\t<\/div>\n\t\t\t\t\t<\/div>\n\t\t<\/section>\n\t\t\t\t<\/div>\n\t\t","protected":false},"excerpt":{"rendered":"<p>SESTA: VOTRE PARTENAIRE POURLES CHAISES DE BUREAU ET DE COMMUNAUT\u00c9 \u00ab\u00a0Application de l&rsquo;article 1 de la loi du 3 ao\u00fbt 2007, n\u00b0 123, en mati\u00e8re de protection de la sant\u00e9 et de la s\u00e9curit\u00e9 sur les lieux de travail\u201d 30 avril 2008 \u2013 Journal Officiel n\u00b0 101 \u2013 Publication du texte d\u00e9finitif du d\u00e9cret-loi 09\/04\/2008 [&hellip;]<\/p>\n","protected":false},"author":1,"featured_media":0,"parent":19084,"menu_order":0,"comment_status":"closed","ping_status":"closed","template":"","meta":{"_acf_changed":false,"footnotes":""},"class_list":["post-19086","page","type-page","status-publish","hentry"],"acf":[],"_links":{"self":[{"href":"https:\/\/www.sesta.it\/fr\/wp-json\/wp\/v2\/pages\/19086","targetHints":{"allow":["GET"]}}],"collection":[{"href":"https:\/\/www.sesta.it\/fr\/wp-json\/wp\/v2\/pages"}],"about":[{"href":"https:\/\/www.sesta.it\/fr\/wp-json\/wp\/v2\/types\/page"}],"author":[{"embeddable":true,"href":"https:\/\/www.sesta.it\/fr\/wp-json\/wp\/v2\/users\/1"}],"replies":[{"embeddable":true,"href":"https:\/\/www.sesta.it\/fr\/wp-json\/wp\/v2\/comments?post=19086"}],"version-history":[{"count":0,"href":"https:\/\/www.sesta.it\/fr\/wp-json\/wp\/v2\/pages\/19086\/revisions"}],"up":[{"embeddable":true,"href":"https:\/\/www.sesta.it\/fr\/wp-json\/wp\/v2\/pages\/19084"}],"wp:attachment":[{"href":"https:\/\/www.sesta.it\/fr\/wp-json\/wp\/v2\/media?parent=19086"}],"curies":[{"name":"wp","href":"https:\/\/api.w.org\/{rel}","templated":true}]}}