{"id":19090,"date":"2021-07-07T16:20:18","date_gmt":"2021-07-07T16:20:18","guid":{"rendered":"https:\/\/www.sesta.it\/entreprise\/qualite-et-securite\/reazione-al-fuoco\/"},"modified":"2022-09-06T08:10:30","modified_gmt":"2022-09-06T08:10:30","slug":"reaction-au-feu","status":"publish","type":"page","link":"https:\/\/www.sesta.it\/fr\/entreprise\/qualite-et-securite\/reaction-au-feu\/","title":{"rendered":"R\u00e9action au feu"},"content":{"rendered":"\t\t<div data-elementor-type=\"wp-page\" data-elementor-id=\"19090\" class=\"elementor elementor-19090 elementor-7332\" data-elementor-post-type=\"page\">\n\t\t\t\t\t\t<section data-dce-background-overlay-color=\"#FFFFFF00\" class=\"elementor-section elementor-top-section elementor-element elementor-element-eb1ffae elementor-section-items-stretch elementor-section-height-min-height elementor-section-boxed elementor-section-height-default\" data-id=\"eb1ffae\" data-element_type=\"section\" data-e-type=\"section\" data-settings=\"{&quot;background_background&quot;:&quot;classic&quot;}\">\n\t\t\t\t\t\t\t<div class=\"elementor-background-overlay\"><\/div>\n\t\t\t\t\t\t\t<div class=\"elementor-container elementor-column-gap-no\">\n\t\t\t\t\t<div data-dce-background-overlay-color=\"#02010100\" data-dce-background-image-url=\"https:\/\/www.sesta.it\/wp-content\/uploads\/2022\/07\/testata_azienda_1600x510-e1658138511687.jpg\" class=\"elementor-column elementor-col-100 elementor-top-column elementor-element elementor-element-54b63b1\" data-id=\"54b63b1\" data-element_type=\"column\" data-e-type=\"column\" data-settings=\"{&quot;background_background&quot;:&quot;classic&quot;}\">\n\t\t\t<div class=\"elementor-widget-wrap elementor-element-populated\">\n\t\t\t\t\t<div class=\"elementor-background-overlay\"><\/div>\n\t\t\t\t\t\t<div class=\"elementor-element elementor-element-21dd8f3 ob-harakiri-inherit elementor-widget elementor-widget-heading\" data-id=\"21dd8f3\" data-element_type=\"widget\" data-e-type=\"widget\" data-settings=\"{&quot;_ob_use_harakiri&quot;:&quot;yes&quot;,&quot;_ob_harakiri_writing_mode&quot;:&quot;inherit&quot;,&quot;_ob_harakiri_text_clip&quot;:&quot;none&quot;,&quot;_ob_widget_stalker_use&quot;:&quot;no&quot;,&quot;_ob_shadough_use&quot;:&quot;no&quot;}\" data-widget_type=\"heading.default\">\n\t\t\t\t<div class=\"elementor-widget-container\">\n\t\t\t\t\t<div class=\"elementor-heading-title elementor-size-default\">SESTA: VOTRE PARTENAIRE POUR<br>LES CHAISES DE BUREAU ET DE COMMUNAUT\u00c9<\/div>\t\t\t\t<\/div>\n\t\t\t\t<\/div>\n\t\t\t\t\t<\/div>\n\t\t<\/div>\n\t\t\t\t\t<\/div>\n\t\t<\/section>\n\t\t\t\t<section class=\"elementor-section elementor-top-section elementor-element elementor-element-0dbe715 elementor-section-boxed elementor-section-height-default elementor-section-height-default\" data-id=\"0dbe715\" data-element_type=\"section\" data-e-type=\"section\" data-settings=\"{&quot;background_background&quot;:&quot;classic&quot;}\">\n\t\t\t\t\t\t<div class=\"elementor-container elementor-column-gap-default\">\n\t\t\t\t\t<div class=\"elementor-column elementor-col-100 elementor-top-column elementor-element elementor-element-1e67b49\" data-id=\"1e67b49\" data-element_type=\"column\" data-e-type=\"column\" data-settings=\"{&quot;background_background&quot;:&quot;classic&quot;}\">\n\t\t\t<div class=\"elementor-widget-wrap elementor-element-populated\">\n\t\t\t\t\t\t<div class=\"elementor-element elementor-element-663e38e elementor-widget elementor-widget-template\" data-id=\"663e38e\" data-element_type=\"widget\" data-e-type=\"widget\" data-settings=\"{&quot;_ob_widget_stalker_use&quot;:&quot;no&quot;,&quot;_ob_shadough_use&quot;:&quot;no&quot;}\" data-widget_type=\"template.default\">\n\t\t\t\t<div class=\"elementor-widget-container\">\n\t\t\t\t\t\t\t<div class=\"elementor-template\">\n\t\t\t\t\t<div data-elementor-type=\"section\" data-elementor-id=\"19256\" class=\"elementor elementor-19256 elementor-15345 elementor-15345\" data-elementor-post-type=\"elementor_library\">\n\t\t\t\t\t<section class=\"elementor-section elementor-top-section elementor-element elementor-element-74a96a8 elementor-section-boxed elementor-section-height-default elementor-section-height-default\" data-id=\"74a96a8\" data-element_type=\"section\" data-e-type=\"section\" data-settings=\"{&quot;background_background&quot;:&quot;classic&quot;,&quot;sticky&quot;:&quot;top&quot;,&quot;sticky_on&quot;:[&quot;desktop&quot;],&quot;sticky_offset&quot;:115,&quot;sticky_effects_offset&quot;:0,&quot;sticky_anchor_link_offset&quot;:0}\">\n\t\t\t\t\t\t<div class=\"elementor-container elementor-column-gap-no\">\n\t\t\t\t\t<div data-dce-background-color=\"#FFFFFF\" class=\"elementor-column elementor-col-100 elementor-top-column elementor-element elementor-element-faaf5c2\" data-id=\"faaf5c2\" data-element_type=\"column\" data-e-type=\"column\" data-settings=\"{&quot;background_background&quot;:&quot;classic&quot;}\">\n\t\t\t<div class=\"elementor-widget-wrap elementor-element-populated\">\n\t\t\t\t\t\t<div data-dce-advanced-background-color=\"#A5A5A5\" class=\"elementor-element elementor-element-f85198e elementor-nav-menu__align-justify elementor-nav-menu--dropdown-tablet elementor-nav-menu__text-align-aside elementor-nav-menu--toggle elementor-nav-menu--burger elementor-widget elementor-widget-nav-menu\" data-id=\"f85198e\" data-element_type=\"widget\" data-e-type=\"widget\" data-settings=\"{&quot;layout&quot;:&quot;horizontal&quot;,&quot;submenu_icon&quot;:{&quot;value&quot;:&quot;&lt;svg aria-hidden=\\&quot;true\\&quot; class=\\&quot;e-font-icon-svg e-fas-caret-down\\&quot; viewBox=\\&quot;0 0 320 512\\&quot; xmlns=\\&quot;http:\\\/\\\/www.w3.org\\\/2000\\\/svg\\&quot;&gt;&lt;path d=\\&quot;M31.3 192h257.3c17.8 0 26.7 21.5 14.1 34.1L174.1 354.8c-7.8 7.8-20.5 7.8-28.3 0L17.2 226.1C4.6 213.5 13.5 192 31.3 192z\\&quot;&gt;&lt;\\\/path&gt;&lt;\\\/svg&gt;&quot;,&quot;library&quot;:&quot;fa-solid&quot;},&quot;toggle&quot;:&quot;burger&quot;,&quot;_ob_widget_stalker_use&quot;:&quot;no&quot;,&quot;_ob_shadough_use&quot;:&quot;no&quot;}\" data-widget_type=\"nav-menu.default\">\n\t\t\t\t<div class=\"elementor-widget-container\">\n\t\t\t\t\t\t\t\t<nav aria-label=\"Menu\" class=\"elementor-nav-menu--main elementor-nav-menu__container elementor-nav-menu--layout-horizontal e--pointer-background e--animation-fade\">\n\t\t\t\t<ul id=\"menu-1-f85198e\" class=\"elementor-nav-menu\"><li class=\"menu-item menu-item-type-post_type menu-item-object-page menu-item-19183\"><a href=\"https:\/\/www.sesta.it\/fr\/entreprise\/\" class=\"elementor-item\">Entreprise<\/a><\/li>\n<li class=\"menu-item menu-item-type-post_type menu-item-object-page menu-item-39102\"><a href=\"https:\/\/www.sesta.it\/fr\/entreprise\/politique-environnementale\/\" class=\"elementor-item\">Politique environnementale<\/a><\/li>\n<li class=\"menu-item menu-item-type-post_type menu-item-object-page menu-item-19185\"><a href=\"https:\/\/www.sesta.it\/fr\/entreprise\/qualite-et-securite\/\" class=\"elementor-item\">Qualit\u00e9 et s\u00e9curit\u00e9<\/a><\/li>\n<li class=\"menu-item menu-item-type-post_type menu-item-object-page menu-item-19186\"><a href=\"https:\/\/www.sesta.it\/fr\/entreprise\/qualite-et-securite\/normes-de-reference\/\" class=\"elementor-item\">Normes de r\u00e9f\u00e9rence<\/a><\/li>\n<li class=\"menu-item menu-item-type-post_type menu-item-object-page menu-item-19187\"><a href=\"https:\/\/www.sesta.it\/fr\/entreprise\/qualite-et-securite\/decret-loi-81-08\/\" class=\"elementor-item\">Decret-loi 81\/08<\/a><\/li>\n<li class=\"menu-item menu-item-type-post_type menu-item-object-page menu-item-19188\"><a href=\"https:\/\/www.sesta.it\/fr\/entreprise\/qualite-et-securite\/reaction-au-feu\/\" class=\"elementor-item\">R\u00e9action au feu<\/a><\/li>\n<\/ul>\t\t\t<\/nav>\n\t\t\t\t\t<div class=\"elementor-menu-toggle\" role=\"button\" tabindex=\"0\" aria-label=\"Permuter le menu\" aria-expanded=\"false\">\n\t\t\t<svg aria-hidden=\"true\" role=\"presentation\" class=\"elementor-menu-toggle__icon--open e-font-icon-svg e-eicon-menu-bar\" viewBox=\"0 0 1000 1000\" xmlns=\"http:\/\/www.w3.org\/2000\/svg\"><path d=\"M104 333H896C929 333 958 304 958 271S929 208 896 208H104C71 208 42 237 42 271S71 333 104 333ZM104 583H896C929 583 958 554 958 521S929 458 896 458H104C71 458 42 487 42 521S71 583 104 583ZM104 833H896C929 833 958 804 958 771S929 708 896 708H104C71 708 42 737 42 771S71 833 104 833Z\"><\/path><\/svg><svg aria-hidden=\"true\" role=\"presentation\" class=\"elementor-menu-toggle__icon--close e-font-icon-svg e-eicon-close\" viewBox=\"0 0 1000 1000\" xmlns=\"http:\/\/www.w3.org\/2000\/svg\"><path d=\"M742 167L500 408 258 167C246 154 233 150 217 150 196 150 179 158 167 167 154 179 150 196 150 212 150 229 154 242 171 254L408 500 167 742C138 771 138 800 167 829 196 858 225 858 254 829L496 587 738 829C750 842 767 846 783 846 800 846 817 842 829 829 842 817 846 804 846 783 846 767 842 750 829 737L588 500 833 258C863 229 863 200 833 171 804 137 775 137 742 167Z\"><\/path><\/svg>\t\t<\/div>\n\t\t\t\t\t<nav class=\"elementor-nav-menu--dropdown elementor-nav-menu__container\" aria-hidden=\"true\">\n\t\t\t\t<ul id=\"menu-2-f85198e\" class=\"elementor-nav-menu\"><li class=\"menu-item menu-item-type-post_type menu-item-object-page menu-item-19183\"><a href=\"https:\/\/www.sesta.it\/fr\/entreprise\/\" class=\"elementor-item\" tabindex=\"-1\">Entreprise<\/a><\/li>\n<li class=\"menu-item menu-item-type-post_type menu-item-object-page menu-item-39102\"><a href=\"https:\/\/www.sesta.it\/fr\/entreprise\/politique-environnementale\/\" class=\"elementor-item\" tabindex=\"-1\">Politique environnementale<\/a><\/li>\n<li class=\"menu-item menu-item-type-post_type menu-item-object-page menu-item-19185\"><a href=\"https:\/\/www.sesta.it\/fr\/entreprise\/qualite-et-securite\/\" class=\"elementor-item\" tabindex=\"-1\">Qualit\u00e9 et s\u00e9curit\u00e9<\/a><\/li>\n<li class=\"menu-item menu-item-type-post_type menu-item-object-page menu-item-19186\"><a href=\"https:\/\/www.sesta.it\/fr\/entreprise\/qualite-et-securite\/normes-de-reference\/\" class=\"elementor-item\" tabindex=\"-1\">Normes de r\u00e9f\u00e9rence<\/a><\/li>\n<li class=\"menu-item menu-item-type-post_type menu-item-object-page menu-item-19187\"><a href=\"https:\/\/www.sesta.it\/fr\/entreprise\/qualite-et-securite\/decret-loi-81-08\/\" class=\"elementor-item\" tabindex=\"-1\">Decret-loi 81\/08<\/a><\/li>\n<li class=\"menu-item menu-item-type-post_type menu-item-object-page menu-item-19188\"><a href=\"https:\/\/www.sesta.it\/fr\/entreprise\/qualite-et-securite\/reaction-au-feu\/\" class=\"elementor-item\" tabindex=\"-1\">R\u00e9action au feu<\/a><\/li>\n<\/ul>\t\t\t<\/nav>\n\t\t\t\t\t\t<\/div>\n\t\t\t\t<\/div>\n\t\t\t\t\t<\/div>\n\t\t<\/div>\n\t\t\t\t\t<\/div>\n\t\t<\/section>\n\t\t\t\t<\/div>\n\t\t\t\t<\/div>\n\t\t\t\t\t\t<\/div>\n\t\t\t\t<\/div>\n\t\t\t\t\t<\/div>\n\t\t<\/div>\n\t\t\t\t\t<\/div>\n\t\t<\/section>\n\t\t\t\t<section class=\"elementor-section elementor-top-section elementor-element elementor-element-b948ec1 elementor-section-boxed elementor-section-height-default elementor-section-height-default\" data-id=\"b948ec1\" data-element_type=\"section\" data-e-type=\"section\" data-settings=\"{&quot;background_background&quot;:&quot;classic&quot;}\">\n\t\t\t\t\t\t<div class=\"elementor-container elementor-column-gap-default\">\n\t\t\t\t\t<div class=\"elementor-column elementor-col-100 elementor-top-column elementor-element elementor-element-3f63515\" data-id=\"3f63515\" data-element_type=\"column\" data-e-type=\"column\" data-settings=\"{&quot;background_background&quot;:&quot;classic&quot;}\">\n\t\t\t<div class=\"elementor-widget-wrap elementor-element-populated\">\n\t\t\t\t\t\t<section class=\"elementor-section elementor-inner-section elementor-element elementor-element-29a036f elementor-section-boxed elementor-section-height-default elementor-section-height-default\" data-id=\"29a036f\" data-element_type=\"section\" data-e-type=\"section\" data-settings=\"{&quot;background_background&quot;:&quot;classic&quot;}\">\n\t\t\t\t\t\t<div class=\"elementor-container elementor-column-gap-default\">\n\t\t\t\t\t<div class=\"elementor-column elementor-col-50 elementor-inner-column elementor-element elementor-element-aff9bf8\" data-id=\"aff9bf8\" data-element_type=\"column\" data-e-type=\"column\" data-settings=\"{&quot;background_background&quot;:&quot;classic&quot;}\">\n\t\t\t<div class=\"elementor-widget-wrap elementor-element-populated\">\n\t\t\t\t\t\t<div class=\"elementor-element elementor-element-06ba190 elementor-widget elementor-widget-image\" data-id=\"06ba190\" data-element_type=\"widget\" data-e-type=\"widget\" data-settings=\"{&quot;_ob_widget_stalker_use&quot;:&quot;no&quot;,&quot;_ob_shadough_use&quot;:&quot;no&quot;}\" data-widget_type=\"image.default\">\n\t\t\t\t<div class=\"elementor-widget-container\">\n\t\t\t\t\t\t\t\t\t\t\t\t\t\t\t<img decoding=\"async\" width=\"200\" height=\"200\" src=\"https:\/\/www.sesta.it\/wp-content\/uploads\/2021\/03\/vigili-del-fuoco-logo.png\" class=\"attachment-large size-large wp-image-7195\" alt=\"\" srcset=\"https:\/\/www.sesta.it\/wp-content\/uploads\/2021\/03\/vigili-del-fuoco-logo.png 200w, https:\/\/www.sesta.it\/wp-content\/uploads\/2021\/03\/vigili-del-fuoco-logo-150x150.png 150w\" sizes=\"(max-width: 200px) 100vw, 200px\" \/>\t\t\t\t\t\t\t\t\t\t\t\t\t\t\t<\/div>\n\t\t\t\t<\/div>\n\t\t\t\t\t<\/div>\n\t\t<\/div>\n\t\t\t\t<div data-dce-background-color=\"#FFFFFF\" class=\"elementor-column elementor-col-50 elementor-inner-column elementor-element elementor-element-52a9fdf\" data-id=\"52a9fdf\" data-element_type=\"column\" data-e-type=\"column\" data-settings=\"{&quot;background_background&quot;:&quot;classic&quot;}\">\n\t\t\t<div class=\"elementor-widget-wrap elementor-element-populated\">\n\t\t\t\t\t\t<div class=\"elementor-element elementor-element-4511777 ob-harakiri-inherit elementor-widget elementor-widget-heading\" data-id=\"4511777\" data-element_type=\"widget\" data-e-type=\"widget\" data-settings=\"{&quot;_ob_use_harakiri&quot;:&quot;yes&quot;,&quot;_ob_harakiri_writing_mode&quot;:&quot;inherit&quot;,&quot;_ob_harakiri_text_clip&quot;:&quot;none&quot;,&quot;_ob_widget_stalker_use&quot;:&quot;no&quot;,&quot;_ob_shadough_use&quot;:&quot;no&quot;}\" data-widget_type=\"heading.default\">\n\t\t\t\t<div class=\"elementor-widget-container\">\n\t\t\t\t\t<h1 class=\"elementor-heading-title elementor-size-default\">Les classements de r\u00e9action au feu en vigueur en Italie<\/h1>\t\t\t\t<\/div>\n\t\t\t\t<\/div>\n\t\t\t\t<div class=\"elementor-element elementor-element-419aba1 ob-harakiri-inherit elementor-widget elementor-widget-text-editor\" data-id=\"419aba1\" data-element_type=\"widget\" data-e-type=\"widget\" data-settings=\"{&quot;_ob_use_harakiri&quot;:&quot;yes&quot;,&quot;_ob_harakiri_writing_mode&quot;:&quot;inherit&quot;,&quot;_ob_postman_use&quot;:&quot;no&quot;,&quot;_ob_widget_stalker_use&quot;:&quot;no&quot;,&quot;_ob_shadough_use&quot;:&quot;no&quot;}\" data-widget_type=\"text-editor.default\">\n\t\t\t\t<div class=\"elementor-widget-container\">\n\t\t\t\t\t\t\t\t\t<p>La r\u00e9action au feu est d\u00e9finie par la norme UNI CEI EN ISO 13943\/2004 comme le \u00ab\u00a0comportement d\u2019un mat\u00e9riau qui, par sa propre d\u00e9composition, contribue \u00e0 alimenter le feu auquel il est soumis dans des conditions d\u00e9termin\u00e9es\u00a0\u00bb.<\/p>\n<p>Il ne faut pas la confondre avec la r\u00e9sistance au feu, d\u00e9finie par la m\u00eame norme comme la \u00ab\u00a0capacit\u00e9 d\u2019un \u00e9l\u00e9ment de maintenir, pendant une dur\u00e9e fix\u00e9e r\u00e9glementairement, des crit\u00e8res de stabilit\u00e9 et\/ou d\u2019\u00e9tanch\u00e9it\u00e9 aux gaz et\/ou d\u2019isolation thermique, et\/ou toute autre performance d\u00e9finie dans un essai normalis\u00e9 de r\u00e9sistance au feu\u00a0\u00bb.<\/p>\n<p>Les classifications de r\u00e9action au feu en vigueur en Italie, \u00e0 l\u2019exclusion des produits soumis \u00e0 la directive CEE\/89\/106, sont les suivantes:<\/p>\n<p><strong>Classe 0 (z\u00e9ro)<\/strong> pour les mati\u00e8res non combustibles;<\/p>\n<p><strong>Classes 1 (la plus s\u00e9v\u00e8re) &#8211; 2 &#8211; 3 &#8211; 4 et 5<\/strong> pour les mati\u00e8res combustibles (except\u00e9 les meubles rembourr\u00e9s);<\/p>\n<p><strong style=\"\">Classes 1\/IM (la plus s\u00e9v\u00e8re) \u2013 2\/IM et 3\/IM<\/strong> pour les meubles rembourr\u00e9s.<\/p>\t\t\t\t\t\t\t\t<\/div>\n\t\t\t\t<\/div>\n\t\t\t\t<div class=\"elementor-element elementor-element-373efef elementor-align-left elementor-widget elementor-widget-button\" data-id=\"373efef\" data-element_type=\"widget\" data-e-type=\"widget\" data-settings=\"{&quot;_ob_widget_stalker_use&quot;:&quot;no&quot;,&quot;_ob_shadough_use&quot;:&quot;no&quot;}\" data-widget_type=\"button.default\">\n\t\t\t\t<div class=\"elementor-widget-container\">\n\t\t\t\t\t\t\t\t\t<div class=\"elementor-button-wrapper\">\n\t\t\t\t\t<a class=\"elementor-button elementor-button-link elementor-size-sm\" href=\"https:\/\/www.sesta.it\/fr\/entreprise\/qualite-et-securite\/\">\n\t\t\t\t\t\t<span class=\"elementor-button-content-wrapper\">\n\t\t\t\t\t\t\t\t\t<span class=\"elementor-button-text\">Retour \u00e0 la Qualit\u00e9 et \u00e0 la S\u00e9curit\u00e9<\/span>\n\t\t\t\t\t<\/span>\n\t\t\t\t\t<\/a>\n\t\t\t\t<\/div>\n\t\t\t\t\t\t\t\t<\/div>\n\t\t\t\t<\/div>\n\t\t\t\t\t<\/div>\n\t\t<\/div>\n\t\t\t\t\t<\/div>\n\t\t<\/section>\n\t\t\t\t\t<\/div>\n\t\t<\/div>\n\t\t\t\t\t<\/div>\n\t\t<\/section>\n\t\t\t\t<\/div>\n\t\t","protected":false},"excerpt":{"rendered":"<p>SESTA: VOTRE PARTENAIRE POURLES CHAISES DE BUREAU ET DE COMMUNAUT\u00c9 Les classements de r\u00e9action au feu en vigueur en Italie La r\u00e9action au feu est d\u00e9finie par la norme UNI CEI EN ISO 13943\/2004 comme le \u00ab\u00a0comportement d\u2019un mat\u00e9riau qui, par sa propre d\u00e9composition, contribue \u00e0 alimenter le feu auquel il est soumis dans des [&hellip;]<\/p>\n","protected":false},"author":1,"featured_media":0,"parent":19084,"menu_order":0,"comment_status":"closed","ping_status":"closed","template":"","meta":{"_acf_changed":false,"footnotes":""},"class_list":["post-19090","page","type-page","status-publish","hentry"],"acf":[],"_links":{"self":[{"href":"https:\/\/www.sesta.it\/fr\/wp-json\/wp\/v2\/pages\/19090","targetHints":{"allow":["GET"]}}],"collection":[{"href":"https:\/\/www.sesta.it\/fr\/wp-json\/wp\/v2\/pages"}],"about":[{"href":"https:\/\/www.sesta.it\/fr\/wp-json\/wp\/v2\/types\/page"}],"author":[{"embeddable":true,"href":"https:\/\/www.sesta.it\/fr\/wp-json\/wp\/v2\/users\/1"}],"replies":[{"embeddable":true,"href":"https:\/\/www.sesta.it\/fr\/wp-json\/wp\/v2\/comments?post=19090"}],"version-history":[{"count":0,"href":"https:\/\/www.sesta.it\/fr\/wp-json\/wp\/v2\/pages\/19090\/revisions"}],"up":[{"embeddable":true,"href":"https:\/\/www.sesta.it\/fr\/wp-json\/wp\/v2\/pages\/19084"}],"wp:attachment":[{"href":"https:\/\/www.sesta.it\/fr\/wp-json\/wp\/v2\/media?parent=19090"}],"curies":[{"name":"wp","href":"https:\/\/api.w.org\/{rel}","templated":true}]}}