{"id":28087,"date":"2022-10-03T12:29:57","date_gmt":"2022-10-03T10:29:57","guid":{"rendered":"https:\/\/www.sesta.it\/login\/"},"modified":"2025-01-24T18:38:22","modified_gmt":"2025-01-24T17:38:22","slug":"login","status":"publish","type":"page","link":"https:\/\/www.sesta.it\/fr\/login\/","title":{"rendered":"Login"},"content":{"rendered":"\t\t<div data-elementor-type=\"wp-page\" data-elementor-id=\"28087\" class=\"elementor elementor-28087 elementor-28078\" data-elementor-post-type=\"page\">\n\t\t\t\t\t\t<section class=\"elementor-section elementor-top-section elementor-element elementor-element-2a5bdd4c elementor-section-boxed elementor-section-height-default elementor-section-height-default\" data-id=\"2a5bdd4c\" data-element_type=\"section\" data-e-type=\"section\">\n\t\t\t\t\t\t<div class=\"elementor-container elementor-column-gap-default\">\n\t\t\t\t\t<div data-dce-background-image-url=\"https:\/\/www.sesta.it\/wp-content\/uploads\/2021\/04\/botero-area-riservata.jpg\" class=\"elementor-column elementor-col-33 elementor-top-column elementor-element elementor-element-24ac8b88 elementor-hidden-tablet elementor-hidden-phone\" data-id=\"24ac8b88\" data-element_type=\"column\" data-e-type=\"column\" data-settings=\"{&quot;background_background&quot;:&quot;classic&quot;}\">\n\t\t\t<div class=\"elementor-widget-wrap elementor-element-populated\">\n\t\t\t\t\t\t<div class=\"elementor-element elementor-element-f64d8c1 elementor-widget elementor-widget-spacer\" data-id=\"f64d8c1\" data-element_type=\"widget\" data-e-type=\"widget\" data-settings=\"{&quot;_ob_widget_stalker_use&quot;:&quot;no&quot;,&quot;_ob_shadough_use&quot;:&quot;no&quot;}\" data-widget_type=\"spacer.default\">\n\t\t\t\t<div class=\"elementor-widget-container\">\n\t\t\t\t\t\t\t<div class=\"elementor-spacer\">\n\t\t\t<div class=\"elementor-spacer-inner\"><\/div>\n\t\t<\/div>\n\t\t\t\t\t\t<\/div>\n\t\t\t\t<\/div>\n\t\t\t\t\t<\/div>\n\t\t<\/div>\n\t\t\t\t<div data-dce-background-color=\"#F8F8F8\" class=\"elementor-column elementor-col-33 elementor-top-column elementor-element elementor-element-198a4e5d\" data-id=\"198a4e5d\" data-element_type=\"column\" data-e-type=\"column\" data-settings=\"{&quot;background_background&quot;:&quot;classic&quot;}\">\n\t\t\t<div class=\"elementor-widget-wrap elementor-element-populated\">\n\t\t\t\t\t\t<div data-dce-title-color=\"#000000\" class=\"elementor-element elementor-element-73c3534d ob-harakiri-inherit elementor-widget elementor-widget-heading\" data-id=\"73c3534d\" data-element_type=\"widget\" data-e-type=\"widget\" data-settings=\"{&quot;_ob_use_harakiri&quot;:&quot;yes&quot;,&quot;_ob_harakiri_writing_mode&quot;:&quot;inherit&quot;,&quot;_ob_harakiri_text_clip&quot;:&quot;none&quot;,&quot;_ob_widget_stalker_use&quot;:&quot;no&quot;,&quot;_ob_shadough_use&quot;:&quot;no&quot;}\" data-widget_type=\"heading.default\">\n\t\t\t\t<div class=\"elementor-widget-container\">\n\t\t\t\t\t<h3 class=\"elementor-heading-title elementor-size-default\">Acc\u00e8s aux zones restreintes<\/h3>\t\t\t\t<\/div>\n\t\t\t\t<\/div>\n\t\t\t\t<div class=\"elementor-element elementor-element-7ea079fd elementor-widget-divider--view-line elementor-widget elementor-widget-global elementor-global-19286 elementor-global-9114 elementor-widget-divider\" data-id=\"7ea079fd\" data-element_type=\"widget\" data-e-type=\"widget\" data-settings=\"{&quot;_ob_widget_stalker_use&quot;:&quot;no&quot;,&quot;_ob_shadough_use&quot;:&quot;no&quot;}\" data-widget_type=\"divider.default\">\n\t\t\t\t<div class=\"elementor-widget-container\">\n\t\t\t\t\t\t\t<div class=\"elementor-divider\">\n\t\t\t<span class=\"elementor-divider-separator\">\n\t\t\t\t\t\t<\/span>\n\t\t<\/div>\n\t\t\t\t\t\t<\/div>\n\t\t\t\t<\/div>\n\t\t\t\t<div class=\"elementor-element elementor-element-567547c ob-harakiri-inherit elementor-widget elementor-widget-text-editor\" data-id=\"567547c\" data-element_type=\"widget\" data-e-type=\"widget\" data-settings=\"{&quot;_ob_use_harakiri&quot;:&quot;yes&quot;,&quot;_ob_harakiri_writing_mode&quot;:&quot;inherit&quot;,&quot;_ob_postman_use&quot;:&quot;no&quot;,&quot;_ob_widget_stalker_use&quot;:&quot;no&quot;,&quot;_ob_shadough_use&quot;:&quot;no&quot;}\" data-widget_type=\"text-editor.default\">\n\t\t\t\t<div class=\"elementor-widget-container\">\n\t\t\t\t\t\t\t\t\t<p>Entrez votre <strong>nom d&rsquo;utilisateur et votre mot de passe ci-dessous<\/strong><br \/>pour acc\u00e9der \u00e0 notre Espace R\u00e9serv\u00e9.<\/p>\t\t\t\t\t\t\t\t<\/div>\n\t\t\t\t<\/div>\n\t\t\t\t<div class=\"elementor-element elementor-element-d77eefd elementor-widget elementor-widget-pc-login\" data-id=\"d77eefd\" data-element_type=\"widget\" data-e-type=\"widget\" data-settings=\"{&quot;_ob_widget_stalker_use&quot;:&quot;no&quot;,&quot;_ob_shadough_use&quot;:&quot;no&quot;}\" data-widget_type=\"pc-login.default\">\n\t\t\t\t<div class=\"elementor-widget-container\">\n\t\t\t\t\t<div class=\"pc_aligned_form pc_falign_center\"><form class=\"pc_login_form   \" data-pc_redirect=\"\/fr\/zone-reservee\/\"><div class=\"pc_login_row \"><label for=\"pc_auth_username\">Username<\/label><div class=\"pc_field_container\"><input type=\"text\" name=\"pc_auth_username\" value=\"\"  autocapitalize=\"off\" autocomplete=\"off\" autocorrect=\"off\" aria-label=\"Username\" maxlength=\"150\" \/><\/div><\/div><div class=\"pc_login_row \"><label for=\"pc_auth_psw\">Password<\/label><div class=\"pc_field_container\"><input type=\"password\" name=\"pc_auth_psw\" value=\"\"  autocapitalize=\"off\" autocomplete=\"off\" autocorrect=\"off\" aria-label=\"Password\" \/><\/div><\/div><div class=\"pc_hnpt_code\"><label for=\"pc_hnpt_1\">Antispam 1<\/label><input type=\"text\" name=\"pc_hnpt_1\" value=\"\" autocomplete=\"off\" \/><label for=\"pc_hnpt_2\">Antispam 2<\/label><input type=\"text\" name=\"pc_hnpt_2\" value=\"145\" autocomplete=\"off\" \/><label for=\"pc_hnpt_3\">Antispam 3<\/label><input type=\"text\" name=\"pc_hnpt_3\" value=\"ff27fc40f37c1e40f95cc754042d2e17\" autocomplete=\"off\" \/><\/div><div id=\"pc_auth_message\"><\/div><div class=\"pc_login_smalls\"><small class=\"pcma_psw_recovery_trigger\">forgot password?<\/small><\/div><button class=\"pc_auth_btn\"><span class=\"pc_inner_btn\">Login<\/span><\/button><div class=\"pcma_psw_recovery_wrap pc_displaynone\"><div class=\"pc_login_row \"><label>Insert your username or e-mail<\/label><div class=\"pc_field_container\"><input type=\"text\" name=\"pcma_psw_username\" class=\"pcma_psw_username\" value=\"\"  autocomplete=\"off\" \/><\/div><\/div><div class=\"pcma_psw_recovery_message\"><\/div><div class=\"pc_login_smalls\"><small class=\"pcma_del_recovery\">Back to login form<\/small><\/div><button class=\"pcma_do_recovery\"><span class=\"pc_inner_btn\">Recover<\/span><\/button><\/div><\/form><script type=\"text\/javascript\">    (function($) {         \"use strict\";            $(document).ready(function() {            pc_login_smalls_display_check();            pc_lf_labels_h_check();        });    })(jQuery);<\/script><\/div>\t\t\t\t<\/div>\n\t\t\t\t<\/div>\n\t\t\t\t\t<\/div>\n\t\t<\/div>\n\t\t\t\t<div data-dce-background-color=\"#F9F9F9\" class=\"elementor-column elementor-col-33 elementor-top-column elementor-element elementor-element-702b1479\" data-id=\"702b1479\" data-element_type=\"column\" data-e-type=\"column\" data-settings=\"{&quot;background_background&quot;:&quot;classic&quot;}\">\n\t\t\t<div class=\"elementor-widget-wrap elementor-element-populated\">\n\t\t\t\t\t\t<div data-dce-title-color=\"#000000\" class=\"elementor-element elementor-element-562dd44a ob-harakiri-inherit elementor-widget elementor-widget-heading\" data-id=\"562dd44a\" data-element_type=\"widget\" data-e-type=\"widget\" data-settings=\"{&quot;_ob_use_harakiri&quot;:&quot;yes&quot;,&quot;_ob_harakiri_writing_mode&quot;:&quot;inherit&quot;,&quot;_ob_harakiri_text_clip&quot;:&quot;none&quot;,&quot;_ob_widget_stalker_use&quot;:&quot;no&quot;,&quot;_ob_shadough_use&quot;:&quot;no&quot;}\" data-widget_type=\"heading.default\">\n\t\t\t\t<div class=\"elementor-widget-container\">\n\t\t\t\t\t<h3 class=\"elementor-heading-title elementor-size-default\">Demande d'acc\u00e8s<\/h3>\t\t\t\t<\/div>\n\t\t\t\t<\/div>\n\t\t\t\t<div class=\"elementor-element elementor-element-3cec4154 elementor-widget-divider--view-line elementor-widget elementor-widget-global elementor-global-19286 elementor-global-9114 elementor-widget-divider\" data-id=\"3cec4154\" data-element_type=\"widget\" data-e-type=\"widget\" data-settings=\"{&quot;_ob_widget_stalker_use&quot;:&quot;no&quot;,&quot;_ob_shadough_use&quot;:&quot;no&quot;}\" data-widget_type=\"divider.default\">\n\t\t\t\t<div class=\"elementor-widget-container\">\n\t\t\t\t\t\t\t<div class=\"elementor-divider\">\n\t\t\t<span class=\"elementor-divider-separator\">\n\t\t\t\t\t\t<\/span>\n\t\t<\/div>\n\t\t\t\t\t\t<\/div>\n\t\t\t\t<\/div>\n\t\t\t\t<div class=\"elementor-element elementor-element-494ac43 ob-harakiri-inherit elementor-widget elementor-widget-text-editor\" data-id=\"494ac43\" data-element_type=\"widget\" data-e-type=\"widget\" data-settings=\"{&quot;_ob_use_harakiri&quot;:&quot;yes&quot;,&quot;_ob_harakiri_writing_mode&quot;:&quot;inherit&quot;,&quot;_ob_postman_use&quot;:&quot;no&quot;,&quot;_ob_widget_stalker_use&quot;:&quot;no&quot;,&quot;_ob_shadough_use&quot;:&quot;no&quot;}\" data-widget_type=\"text-editor.default\">\n\t\t\t\t<div class=\"elementor-widget-container\">\n\t\t\t\t\t\t\t\t\t<p>L&rsquo;acc\u00e8s \u00e0 la Zone R\u00e9serv\u00e9e n&rsquo;est<strong> accord\u00e9 qu&rsquo;aux Op\u00e9rateurs du secteur s\u00e9lectionn\u00e9s<\/strong>.<\/p>\n<p>Vous pouvez nous demander d&rsquo;\u00e9valuer votre admission en cliquant sur le bouton ci-dessous et en remplissant toutes les donn\u00e9es dans le formulaire appropri\u00e9.<\/p>\n<p>Une fois que nous aurons re\u00e7u votre demande, nous vous informerons du r\u00e9sultat.<\/p>\n\t\t\t\t\t\t\t\t<\/div>\n\t\t\t\t<\/div>\n\t\t\t\t<div class=\"elementor-element elementor-element-4f18e20 elementor-align-center elementor-widget elementor-widget-button\" data-id=\"4f18e20\" data-element_type=\"widget\" data-e-type=\"widget\" data-settings=\"{&quot;_ob_widget_stalker_use&quot;:&quot;no&quot;,&quot;_ob_shadough_use&quot;:&quot;no&quot;}\" data-widget_type=\"button.default\">\n\t\t\t\t<div class=\"elementor-widget-container\">\n\t\t\t\t\t\t\t\t\t<div class=\"elementor-button-wrapper\">\n\t\t\t\t\t<a class=\"elementor-button elementor-button-link elementor-size-sm\" href=\"#elementor-action%3Aaction%3Dpopup%3Aopen%26settings%3DeyJpZCI6MTkzOTcsInRvZ2dsZSI6ZmFsc2V9\">\n\t\t\t\t\t\t<span class=\"elementor-button-content-wrapper\">\n\t\t\t\t\t\t\t\t\t<span class=\"elementor-button-text\">Demande d'acc\u00e8s<\/span>\n\t\t\t\t\t<\/span>\n\t\t\t\t\t<\/a>\n\t\t\t\t<\/div>\n\t\t\t\t\t\t\t\t<\/div>\n\t\t\t\t<\/div>\n\t\t\t\t\t<\/div>\n\t\t<\/div>\n\t\t\t\t\t<\/div>\n\t\t<\/section>\n\t\t\t\t<\/div>\n\t\t","protected":false},"excerpt":{"rendered":"<p>Acc\u00e8s aux zones restreintes Entrez votre nom d&rsquo;utilisateur et votre mot de passe ci-dessouspour acc\u00e9der \u00e0 notre Espace R\u00e9serv\u00e9. IdentifiantMot de passeAntispam 1Antispam 2Antispam 3mot de passe oubli\u00e9?Se connecterEntrer votre nom d&rsquo;utilisateur ou votre e-mailRetour au formulaire de connexionR\u00e9cup\u00e9rer Demande d&rsquo;acc\u00e8s L&rsquo;acc\u00e8s \u00e0 la Zone R\u00e9serv\u00e9e n&rsquo;est accord\u00e9 qu&rsquo;aux Op\u00e9rateurs du secteur s\u00e9lectionn\u00e9s. Vous pouvez [&hellip;]<\/p>\n","protected":false},"author":1,"featured_media":0,"parent":0,"menu_order":0,"comment_status":"closed","ping_status":"closed","template":"","meta":{"_acf_changed":false,"footnotes":""},"class_list":["post-28087","page","type-page","status-publish","hentry"],"acf":[],"_links":{"self":[{"href":"https:\/\/www.sesta.it\/fr\/wp-json\/wp\/v2\/pages\/28087","targetHints":{"allow":["GET"]}}],"collection":[{"href":"https:\/\/www.sesta.it\/fr\/wp-json\/wp\/v2\/pages"}],"about":[{"href":"https:\/\/www.sesta.it\/fr\/wp-json\/wp\/v2\/types\/page"}],"author":[{"embeddable":true,"href":"https:\/\/www.sesta.it\/fr\/wp-json\/wp\/v2\/users\/1"}],"replies":[{"embeddable":true,"href":"https:\/\/www.sesta.it\/fr\/wp-json\/wp\/v2\/comments?post=28087"}],"version-history":[{"count":0,"href":"https:\/\/www.sesta.it\/fr\/wp-json\/wp\/v2\/pages\/28087\/revisions"}],"wp:attachment":[{"href":"https:\/\/www.sesta.it\/fr\/wp-json\/wp\/v2\/media?parent=28087"}],"curies":[{"name":"wp","href":"https:\/\/api.w.org\/{rel}","templated":true}]}}